{"id":1452,"date":"2026-03-26T07:44:15","date_gmt":"2026-03-26T07:44:15","guid":{"rendered":"https:\/\/www.pahvilaatikko.fi\/?page_id=1452"},"modified":"2026-04-23T05:59:05","modified_gmt":"2026-04-23T05:59:05","slug":"pakkaustietoa","status":"publish","type":"page","link":"https:\/\/www.pahvilaatikko.fi\/?page_id=1452","title":{"rendered":"Pakkaustietoa"},"content":{"rendered":"\t\t<div data-elementor-type=\"wp-page\" data-elementor-id=\"1452\" class=\"elementor elementor-1452\" data-elementor-post-type=\"page\">\n\t\t\t\t<div class=\"elementor-element elementor-element-6165bb63 e-con-full e-flex wpr-particle-no wpr-jarallax-no wpr-parallax-no wpr-sticky-section-no wpr-equal-height-no e-con e-parent\" data-id=\"6165bb63\" data-element_type=\"container\" data-e-type=\"container\" data-settings=\"{&quot;background_background&quot;:&quot;gradient&quot;}\">\n\t\t<div class=\"elementor-element elementor-element-3b18693c e-con-full e-flex wpr-particle-no wpr-jarallax-no wpr-parallax-no wpr-sticky-section-no wpr-equal-height-no e-con e-child\" data-id=\"3b18693c\" data-element_type=\"container\" data-e-type=\"container\">\n\t\t\t\t<div class=\"elementor-element elementor-element-29bb6dbb animated-fast elementor-invisible elementor-widget elementor-widget-heading\" data-id=\"29bb6dbb\" data-element_type=\"widget\" data-e-type=\"widget\" data-settings=\"{&quot;_animation&quot;:&quot;bounceIn&quot;}\" data-widget_type=\"heading.default\">\n\t\t\t\t\t<h1 class=\"elementor-heading-title elementor-size-default\">AJATUKSIA PAKKAAMISESTA<\/h1>\t\t\t\t<\/div>\n\t\t\t\t<div class=\"elementor-element elementor-element-62c2749f elementor-widget elementor-widget-heading\" data-id=\"62c2749f\" data-element_type=\"widget\" data-e-type=\"widget\" data-widget_type=\"heading.default\">\n\t\t\t\t\t<h3 class=\"elementor-heading-title elementor-size-default\">Mit\u00e4 yritt\u00e4jien tulisi pohtia pakkaamiseen liittyen?<\/h3>\t\t\t\t<\/div>\n\t\t\t\t<div class=\"elementor-element elementor-element-1ccfece elementor-widget elementor-widget-text-editor\" data-id=\"1ccfece\" data-element_type=\"widget\" data-e-type=\"widget\" data-widget_type=\"text-editor.default\">\n\t\t\t\t\t\t\t\t\t<p>Olemme koonneet t\u00e4lle sivulle n\u00e4k\u00f6kulmia, k\u00e4yt\u00e4nn\u00f6n vinkkej\u00e4 ja asiantuntijatietoa pakkaamisen tehostamiseen, kustannusten hallintaan ja oikeiden ratkaisujen valintaan liittyen.<\/p>\t\t\t\t\t\t\t\t<\/div>\n\t\t\t\t\t\t\t<div data-eael_duration=\"{&quot;transitionDuration&quot;:1000}\" data-eael_easing=\"{&quot;transitionEasing&quot;:&quot;ease&quot;}\" data-eael_hover_duration=\"{&quot;transitionDuration&quot;:1000}\" data-eael_hover_easing=\"{&quot;transitionEasing&quot;:&quot;ease&quot;}\" class=\"eael_hover_effect elementor-element elementor-element-4a4657e elementor-widget elementor-widget-button\" data-id=\"4a4657e\" data-element_type=\"widget\" data-e-type=\"widget\" data-settings=\"{&quot;eael_hover_effect_general_settings_easing&quot;:&quot;ease&quot;,&quot;eael_hover_effect_general_settings_hover_easing&quot;:&quot;ease&quot;}\" data-widget_type=\"button.default\">\n\t\t\t\t\t\t\t\t\t\t<a class=\"elementor-button elementor-button-link elementor-size-sm\" href=\"#pakkaustietoa\">\n\t\t\t\t\t\t<span class=\"elementor-button-content-wrapper\">\n\t\t\t\t\t\t\t\t\t<span class=\"elementor-button-text\">LUE PAKKAUSTIETOA<\/span>\n\t\t\t\t\t<\/span>\n\t\t\t\t\t<\/a>\n\t\t\t\t\t\t\t\t<\/div>\n\t\t\t\t<\/div>\n\t\t<div class=\"elementor-element elementor-element-38a84a12 e-con-full e-flex wpr-particle-no wpr-jarallax-no wpr-parallax-no wpr-sticky-section-no wpr-equal-height-no e-con e-child\" data-id=\"38a84a12\" data-element_type=\"container\" data-e-type=\"container\" data-settings=\"{&quot;background_background&quot;:&quot;classic&quot;,&quot;background_motion_fx_motion_fx_scrolling&quot;:&quot;yes&quot;,&quot;background_motion_fx_translateX_effect&quot;:&quot;yes&quot;,&quot;background_motion_fx_translateX_speed&quot;:{&quot;unit&quot;:&quot;px&quot;,&quot;size&quot;:2,&quot;sizes&quot;:[]},&quot;background_motion_fx_translateX_affectedRange&quot;:{&quot;unit&quot;:&quot;%&quot;,&quot;size&quot;:&quot;&quot;,&quot;sizes&quot;:{&quot;start&quot;:0,&quot;end&quot;:100}},&quot;background_motion_fx_devices&quot;:[&quot;desktop&quot;,&quot;tablet&quot;,&quot;mobile&quot;]}\">\n\t\t\t\t<div class=\"elementor-element elementor-element-c6cf1d1 animated-fast elementor-invisible elementor-widget elementor-widget-image\" data-id=\"c6cf1d1\" data-element_type=\"widget\" data-e-type=\"widget\" data-settings=\"{&quot;_animation&quot;:&quot;zoomIn&quot;}\" data-widget_type=\"image.default\">\n\t\t\t\t\t\t\t\t\t\t\t\t\t\t\t<img fetchpriority=\"high\" decoding=\"async\" width=\"1024\" height=\"1024\" src=\"https:\/\/www.pahvilaatikko.fi\/wp-content\/uploads\/2026\/04\/Nimeton-malli-69-1024x1024.png\" class=\"attachment-large size-large wp-image-3072\" alt=\"\" srcset=\"https:\/\/www.pahvilaatikko.fi\/wp-content\/uploads\/2026\/04\/Nimeton-malli-69-1024x1024.png 1024w, https:\/\/www.pahvilaatikko.fi\/wp-content\/uploads\/2026\/04\/Nimeton-malli-69-300x300.png 300w, https:\/\/www.pahvilaatikko.fi\/wp-content\/uploads\/2026\/04\/Nimeton-malli-69-150x150.png 150w, https:\/\/www.pahvilaatikko.fi\/wp-content\/uploads\/2026\/04\/Nimeton-malli-69-768x768.png 768w, https:\/\/www.pahvilaatikko.fi\/wp-content\/uploads\/2026\/04\/Nimeton-malli-69-1536x1536.png 1536w, https:\/\/www.pahvilaatikko.fi\/wp-content\/uploads\/2026\/04\/Nimeton-malli-69.png 1620w\" sizes=\"(max-width: 1024px) 100vw, 1024px\" \/>\t\t\t\t\t\t\t\t\t\t\t\t\t\t\t<\/div>\n\t\t\t\t<\/div>\n\t\t\t\t<\/div>\n\t\t<div class=\"elementor-element elementor-element-bb1affd e-flex e-con-boxed wpr-particle-no wpr-jarallax-no wpr-parallax-no wpr-sticky-section-no wpr-equal-height-no e-con e-parent\" data-id=\"bb1affd\" data-element_type=\"container\" data-e-type=\"container\" id=\"pakkaustietoa\">\n\t\t\t\t\t<div class=\"e-con-inner\">\n\t\t\t\t<div class=\"elementor-element elementor-element-06f06d4 premium-blog-align-left elementor-widget elementor-widget-premium-addon-blog\" data-id=\"06f06d4\" data-element_type=\"widget\" data-e-type=\"widget\" data-settings=\"{&quot;force_height&quot;:&quot;true&quot;,&quot;premium_blog_columns_number&quot;:&quot;33.33%&quot;,&quot;premium_blog_grid&quot;:&quot;yes&quot;,&quot;premium_blog_layout&quot;:&quot;even&quot;,&quot;premium_blog_columns_number_tablet&quot;:&quot;50%&quot;,&quot;premium_blog_columns_number_mobile&quot;:&quot;100%&quot;}\" data-widget_type=\"premium-addon-blog.default\">\n\t\t\t\t\t\n\t\t\n\n\t\t\t\t<div class=\"premium-blog-wrap  premium-blog-even\" data-page=\"1452\">\n\t\t\t\t\t\t\t\t\t<div class=\"premium-blog-post-outer-container\" data-total=\"1\">\n\t\t\t<div class=\"premium-blog-post-container premium-blog-skin-classic\">\n\t\t\t\t\t\t\t\t\t<div class=\"premium-blog-thumb-effect-wrapper\">\n\t\t\t\t\t\t<div class=\"premium-blog-thumbnail-container premium-blog-zoomin-effect\">\n\t\t\t\t\t\t\t<img decoding=\"async\" width=\"1080\" height=\"1080\" src=\"https:\/\/www.pahvilaatikko.fi\/wp-content\/uploads\/2026\/03\/pahvilaatikko_kustannus.jpg\" class=\"attachment-full size-full wp-image-3160\" alt=\"Pakkaamisesta syntyv\u00e4 kustannus on kokonaisuus\" srcset=\"https:\/\/www.pahvilaatikko.fi\/wp-content\/uploads\/2026\/03\/pahvilaatikko_kustannus.jpg 1080w, https:\/\/www.pahvilaatikko.fi\/wp-content\/uploads\/2026\/03\/pahvilaatikko_kustannus-300x300.jpg 300w, https:\/\/www.pahvilaatikko.fi\/wp-content\/uploads\/2026\/03\/pahvilaatikko_kustannus-1024x1024.jpg 1024w, https:\/\/www.pahvilaatikko.fi\/wp-content\/uploads\/2026\/03\/pahvilaatikko_kustannus-150x150.jpg 150w, https:\/\/www.pahvilaatikko.fi\/wp-content\/uploads\/2026\/03\/pahvilaatikko_kustannus-768x768.jpg 768w\" sizes=\"(max-width: 1080px) 100vw, 1080px\" \/>\t\t\t\t\t\t<\/div>\n\t\t\t\t\t\t\t\t\t\t\t\t\t<div class=\"premium-blog-thumbnail-overlay\">\n\t\t\t\t\t\t\t\t<a class=\"elementor-icon\" href=\"https:\/\/www.pahvilaatikko.fi\/?p=1286\" target=\"_blank\"><\/a>\n\t\t\t\t\t\t\t<\/div>\n\n\t\t\t\t\t\t\t\t\t\t\t\t\t\t\t\t\t\t<\/div>\n\t\t\t\t\t\t\t\t\t\t\t\t<div class=\"premium-blog-content-wrapper \">\n\n\t\t\t\t\t<div class=\"premium-blog-inner-container\">\n\n\t\t\t\t\t\t\t\t\t\t\t\t\t\t<h2 class=\"premium-blog-entry-title\">\n\t\t\t<a href=\"https:\/\/www.pahvilaatikko.fi\/?p=1286\" target=\"_blank\">\n\t\t\t\tPakkaamisesta syntyv\u00e4 kustannus on kokonaisuus\t\t\t<\/a>\n\t\t<\/h2>\n\t\t\t\t<div class=\"premium-blog-entry-meta\">\n\t\t\t\n\t\t\t\n\t\t\t\n\t\t\t\t\t<\/div>\n\t\t\n\t\t\t\t\t<\/div>\n\n\t\t\t\t\t\t\t\t\t\t\n\t\t\t\t<\/div>\n\t\t\t<\/div>\n\t\t<\/div>\n\n\t\t\t\t<div class=\"premium-blog-post-outer-container\" data-total=\"1\">\n\t\t\t<div class=\"premium-blog-post-container premium-blog-skin-classic\">\n\t\t\t\t\t\t\t\t\t<div class=\"premium-blog-thumb-effect-wrapper\">\n\t\t\t\t\t\t<div class=\"premium-blog-thumbnail-container premium-blog-zoomin-effect\">\n\t\t\t\t\t\t\t<img decoding=\"async\" width=\"1080\" height=\"1080\" src=\"https:\/\/www.pahvilaatikko.fi\/wp-content\/uploads\/2026\/03\/pahvilaatikko_pakkauskustannus.jpg\" class=\"attachment-full size-full wp-image-3152\" alt=\"Pakkaamisesta syntyv\u00e4 kustannus on kokonaisuus\" srcset=\"https:\/\/www.pahvilaatikko.fi\/wp-content\/uploads\/2026\/03\/pahvilaatikko_pakkauskustannus.jpg 1080w, https:\/\/www.pahvilaatikko.fi\/wp-content\/uploads\/2026\/03\/pahvilaatikko_pakkauskustannus-300x300.jpg 300w, https:\/\/www.pahvilaatikko.fi\/wp-content\/uploads\/2026\/03\/pahvilaatikko_pakkauskustannus-1024x1024.jpg 1024w, https:\/\/www.pahvilaatikko.fi\/wp-content\/uploads\/2026\/03\/pahvilaatikko_pakkauskustannus-150x150.jpg 150w, https:\/\/www.pahvilaatikko.fi\/wp-content\/uploads\/2026\/03\/pahvilaatikko_pakkauskustannus-768x768.jpg 768w\" sizes=\"(max-width: 1080px) 100vw, 1080px\" \/>\t\t\t\t\t\t<\/div>\n\t\t\t\t\t\t\t\t\t\t\t\t\t<div class=\"premium-blog-thumbnail-overlay\">\n\t\t\t\t\t\t\t\t<a class=\"elementor-icon\" href=\"https:\/\/www.pahvilaatikko.fi\/?p=1284\" target=\"_blank\"><\/a>\n\t\t\t\t\t\t\t<\/div>\n\n\t\t\t\t\t\t\t\t\t\t\t\t\t\t\t\t\t\t<\/div>\n\t\t\t\t\t\t\t\t\t\t\t\t<div class=\"premium-blog-content-wrapper \">\n\n\t\t\t\t\t<div class=\"premium-blog-inner-container\">\n\n\t\t\t\t\t\t\t\t\t\t\t\t\t\t<h2 class=\"premium-blog-entry-title\">\n\t\t\t<a href=\"https:\/\/www.pahvilaatikko.fi\/?p=1284\" target=\"_blank\">\n\t\t\t\tMitk\u00e4 seikat vaikuttavat pakkaamisen kustannuksiin?\t\t\t<\/a>\n\t\t<\/h2>\n\t\t\t\t<div class=\"premium-blog-entry-meta\">\n\t\t\t\n\t\t\t\n\t\t\t\n\t\t\t\t\t<\/div>\n\t\t\n\t\t\t\t\t<\/div>\n\n\t\t\t\t\t\t\t\t\t\t\n\t\t\t\t<\/div>\n\t\t\t<\/div>\n\t\t<\/div>\n\n\t\t\t\t<div class=\"premium-blog-post-outer-container\" data-total=\"1\">\n\t\t\t<div class=\"premium-blog-post-container premium-blog-skin-classic\">\n\t\t\t\t\t\t\t\t\t<div class=\"premium-blog-thumb-effect-wrapper\">\n\t\t\t\t\t\t<div class=\"premium-blog-thumbnail-container premium-blog-zoomin-effect\">\n\t\t\t\t\t\t\t<img loading=\"lazy\" decoding=\"async\" width=\"1080\" height=\"1080\" src=\"https:\/\/www.pahvilaatikko.fi\/wp-content\/uploads\/2026\/03\/pahvilaatikko_valinta-2.jpg\" class=\"attachment-full size-full wp-image-3157\" alt=\"Miten valita oikea pahvilaatikko\" srcset=\"https:\/\/www.pahvilaatikko.fi\/wp-content\/uploads\/2026\/03\/pahvilaatikko_valinta-2.jpg 1080w, https:\/\/www.pahvilaatikko.fi\/wp-content\/uploads\/2026\/03\/pahvilaatikko_valinta-2-300x300.jpg 300w, https:\/\/www.pahvilaatikko.fi\/wp-content\/uploads\/2026\/03\/pahvilaatikko_valinta-2-1024x1024.jpg 1024w, https:\/\/www.pahvilaatikko.fi\/wp-content\/uploads\/2026\/03\/pahvilaatikko_valinta-2-150x150.jpg 150w, https:\/\/www.pahvilaatikko.fi\/wp-content\/uploads\/2026\/03\/pahvilaatikko_valinta-2-768x768.jpg 768w\" sizes=\"(max-width: 1080px) 100vw, 1080px\" \/>\t\t\t\t\t\t<\/div>\n\t\t\t\t\t\t\t\t\t\t\t\t\t<div class=\"premium-blog-thumbnail-overlay\">\n\t\t\t\t\t\t\t\t<a class=\"elementor-icon\" href=\"https:\/\/www.pahvilaatikko.fi\/?p=1277\" target=\"_blank\"><\/a>\n\t\t\t\t\t\t\t<\/div>\n\n\t\t\t\t\t\t\t\t\t\t\t\t\t\t\t\t\t\t<\/div>\n\t\t\t\t\t\t\t\t\t\t\t\t<div class=\"premium-blog-content-wrapper \">\n\n\t\t\t\t\t<div class=\"premium-blog-inner-container\">\n\n\t\t\t\t\t\t\t\t\t\t\t\t\t\t<h2 class=\"premium-blog-entry-title\">\n\t\t\t<a href=\"https:\/\/www.pahvilaatikko.fi\/?p=1277\" target=\"_blank\">\n\t\t\t\tMiten valita oikea pahvilaatikko?\t\t\t<\/a>\n\t\t<\/h2>\n\t\t\t\t<div class=\"premium-blog-entry-meta\">\n\t\t\t\n\t\t\t\n\t\t\t\n\t\t\t\t\t<\/div>\n\t\t\n\t\t\t\t\t<\/div>\n\n\t\t\t\t\t\t\t\t\t\t\n\t\t\t\t<\/div>\n\t\t\t<\/div>\n\t\t<\/div>\n\n\t\t\t\t<div class=\"premium-blog-post-outer-container\" data-total=\"1\">\n\t\t\t<div class=\"premium-blog-post-container premium-blog-skin-classic\">\n\t\t\t\t\t\t\t\t\t<div class=\"premium-blog-thumb-effect-wrapper\">\n\t\t\t\t\t\t<div class=\"premium-blog-thumbnail-container premium-blog-zoomin-effect\">\n\t\t\t\t\t\t\t<img loading=\"lazy\" decoding=\"async\" width=\"1080\" height=\"1080\" src=\"https:\/\/www.pahvilaatikko.fi\/wp-content\/uploads\/2026\/03\/Pahvilaatikko_ilmaa.jpg\" class=\"attachment-full size-full wp-image-3159\" alt=\"Kuinka paljon ilmaa yrityksesi kuljettaa\" srcset=\"https:\/\/www.pahvilaatikko.fi\/wp-content\/uploads\/2026\/03\/Pahvilaatikko_ilmaa.jpg 1080w, https:\/\/www.pahvilaatikko.fi\/wp-content\/uploads\/2026\/03\/Pahvilaatikko_ilmaa-300x300.jpg 300w, https:\/\/www.pahvilaatikko.fi\/wp-content\/uploads\/2026\/03\/Pahvilaatikko_ilmaa-1024x1024.jpg 1024w, https:\/\/www.pahvilaatikko.fi\/wp-content\/uploads\/2026\/03\/Pahvilaatikko_ilmaa-150x150.jpg 150w, https:\/\/www.pahvilaatikko.fi\/wp-content\/uploads\/2026\/03\/Pahvilaatikko_ilmaa-768x768.jpg 768w\" sizes=\"(max-width: 1080px) 100vw, 1080px\" \/>\t\t\t\t\t\t<\/div>\n\t\t\t\t\t\t\t\t\t\t\t\t\t<div class=\"premium-blog-thumbnail-overlay\">\n\t\t\t\t\t\t\t\t<a class=\"elementor-icon\" href=\"https:\/\/www.pahvilaatikko.fi\/?p=1291\" target=\"_blank\"><\/a>\n\t\t\t\t\t\t\t<\/div>\n\n\t\t\t\t\t\t\t\t\t\t\t\t\t\t\t\t\t\t<\/div>\n\t\t\t\t\t\t\t\t\t\t\t\t<div class=\"premium-blog-content-wrapper \">\n\n\t\t\t\t\t<div class=\"premium-blog-inner-container\">\n\n\t\t\t\t\t\t\t\t\t\t\t\t\t\t<h2 class=\"premium-blog-entry-title\">\n\t\t\t<a href=\"https:\/\/www.pahvilaatikko.fi\/?p=1291\" target=\"_blank\">\n\t\t\t\tKuinka paljon ilmaa yrityksesi kuljettaa?\t\t\t<\/a>\n\t\t<\/h2>\n\t\t\t\t<div class=\"premium-blog-entry-meta\">\n\t\t\t\n\t\t\t\n\t\t\t\n\t\t\t\t\t<\/div>\n\t\t\n\t\t\t\t\t<\/div>\n\n\t\t\t\t\t\t\t\t\t\t\n\t\t\t\t<\/div>\n\t\t\t<\/div>\n\t\t<\/div>\n\n\t\t\t\t<div class=\"premium-blog-post-outer-container\" data-total=\"1\">\n\t\t\t<div class=\"premium-blog-post-container premium-blog-skin-classic\">\n\t\t\t\t\t\t\t\t\t<div class=\"premium-blog-thumb-effect-wrapper\">\n\t\t\t\t\t\t<div class=\"premium-blog-thumbnail-container premium-blog-zoomin-effect\">\n\t\t\t\t\t\t\t<img loading=\"lazy\" decoding=\"async\" width=\"1080\" height=\"1080\" src=\"https:\/\/www.pahvilaatikko.fi\/wp-content\/uploads\/2026\/03\/pahvilaatikko_viisi-pakkausvirhetta.jpg\" class=\"attachment-full size-full wp-image-3158\" alt=\"Viisi pakkausvirhett\u00e4\" srcset=\"https:\/\/www.pahvilaatikko.fi\/wp-content\/uploads\/2026\/03\/pahvilaatikko_viisi-pakkausvirhetta.jpg 1080w, https:\/\/www.pahvilaatikko.fi\/wp-content\/uploads\/2026\/03\/pahvilaatikko_viisi-pakkausvirhetta-300x300.jpg 300w, https:\/\/www.pahvilaatikko.fi\/wp-content\/uploads\/2026\/03\/pahvilaatikko_viisi-pakkausvirhetta-1024x1024.jpg 1024w, https:\/\/www.pahvilaatikko.fi\/wp-content\/uploads\/2026\/03\/pahvilaatikko_viisi-pakkausvirhetta-150x150.jpg 150w, https:\/\/www.pahvilaatikko.fi\/wp-content\/uploads\/2026\/03\/pahvilaatikko_viisi-pakkausvirhetta-768x768.jpg 768w\" sizes=\"(max-width: 1080px) 100vw, 1080px\" \/>\t\t\t\t\t\t<\/div>\n\t\t\t\t\t\t\t\t\t\t\t\t\t<div class=\"premium-blog-thumbnail-overlay\">\n\t\t\t\t\t\t\t\t<a class=\"elementor-icon\" href=\"https:\/\/www.pahvilaatikko.fi\/?p=1294\" target=\"_blank\"><\/a>\n\t\t\t\t\t\t\t<\/div>\n\n\t\t\t\t\t\t\t\t\t\t\t\t\t\t\t\t\t\t<\/div>\n\t\t\t\t\t\t\t\t\t\t\t\t<div class=\"premium-blog-content-wrapper \">\n\n\t\t\t\t\t<div class=\"premium-blog-inner-container\">\n\n\t\t\t\t\t\t\t\t\t\t\t\t\t\t<h2 class=\"premium-blog-entry-title\">\n\t\t\t<a href=\"https:\/\/www.pahvilaatikko.fi\/?p=1294\" target=\"_blank\">\n\t\t\t\t5 yleisint\u00e4 virhett\u00e4 pakkaamisessa (ja miten v\u00e4ltt\u00e4\u00e4 ne)\t\t\t<\/a>\n\t\t<\/h2>\n\t\t\t\t<div class=\"premium-blog-entry-meta\">\n\t\t\t\n\t\t\t\n\t\t\t\n\t\t\t\t\t<\/div>\n\t\t\n\t\t\t\t\t<\/div>\n\n\t\t\t\t\t\t\t\t\t\t\n\t\t\t\t<\/div>\n\t\t\t<\/div>\n\t\t<\/div>\n\n\t\t\t\t\t\t\t<\/div>\n\n\t\t\n\t\t\n\t\t\t\t\t\t<\/div>\n\t\t\t\t\t<\/div>\n\t\t\t\t<\/div>\n\t\t\t\t<\/div>\n\t\t","protected":false},"excerpt":{"rendered":"<p>AJATUKSIA PAKKAAMISESTA Mit\u00e4 yritt\u00e4jien tulisi pohtia pakkaamiseen liittyen? Olemme koonneet t\u00e4lle sivulle n\u00e4k\u00f6kulmia, k\u00e4yt\u00e4nn\u00f6n vinkkej\u00e4 ja asiantuntijatietoa pakkaamisen tehostamiseen, kustannusten hallintaan ja oikeiden ratkaisujen valintaan liittyen. LUE PAKKAUSTIETOA Pakkaamisesta syntyv\u00e4 kustannus on kokonaisuus Mitk\u00e4 seikat vaikuttavat pakkaamisen kustannuksiin? Miten valita oikea pahvilaatikko? Kuinka paljon ilmaa yrityksesi kuljettaa? 5 yleisint\u00e4 virhett\u00e4 pakkaamisessa (ja miten v\u00e4ltt\u00e4\u00e4 ne)<\/p>\n","protected":false},"author":1,"featured_media":0,"parent":0,"menu_order":0,"comment_status":"closed","ping_status":"closed","template":"elementor_header_footer","meta":{"_acf_changed":false,"site-sidebar-layout":"no-sidebar","site-content-layout":"","ast-site-content-layout":"full-width-container","site-content-style":"default","site-sidebar-style":"default","ast-global-header-display":"","ast-banner-title-visibility":"","ast-main-header-display":"","ast-hfb-above-header-display":"","ast-hfb-below-header-display":"","ast-hfb-mobile-header-display":"","site-post-title":"","ast-breadcrumbs-content":"","ast-featured-img":"disabled","footer-sml-layout":"","ast-disable-related-posts":"","theme-transparent-header-meta":"","adv-header-id-meta":"","stick-header-meta":"","header-above-stick-meta":"","header-main-stick-meta":"","header-below-stick-meta":"","astra-migrate-meta-layouts":"default","ast-page-background-enabled":"default","ast-page-background-meta":{"desktop":{"background-color":"var(--ast-global-color-5)","background-image":"","background-repeat":"repeat","background-position":"center center","background-size":"auto","background-attachment":"scroll","background-type":"","background-media":"","overlay-type":"","overlay-color":"","overlay-opacity":"","overlay-gradient":""},"tablet":{"background-color":"","background-image":"","background-repeat":"repeat","background-position":"center center","background-size":"auto","background-attachment":"scroll","background-type":"","background-media":"","overlay-type":"","overlay-color":"","overlay-opacity":"","overlay-gradient":""},"mobile":{"background-color":"","background-image":"","background-repeat":"repeat","background-position":"center center","background-size":"auto","background-attachment":"scroll","background-type":"","background-media":"","overlay-type":"","overlay-color":"","overlay-opacity":"","overlay-gradient":""}},"ast-content-background-meta":{"desktop":{"background-color":"var(--ast-global-color-4)","background-image":"","background-repeat":"repeat","background-position":"center center","background-size":"auto","background-attachment":"scroll","background-type":"","background-media":"","overlay-type":"","overlay-color":"","overlay-opacity":"","overlay-gradient":""},"tablet":{"background-color":"var(--ast-global-color-4)","background-image":"","background-repeat":"repeat","background-position":"center center","background-size":"auto","background-attachment":"scroll","background-type":"","background-media":"","overlay-type":"","overlay-color":"","overlay-opacity":"","overlay-gradient":""},"mobile":{"background-color":"var(--ast-global-color-4)","background-image":"","background-repeat":"repeat","background-position":"center center","background-size":"auto","background-attachment":"scroll","background-type":"","background-media":"","overlay-type":"","overlay-color":"","overlay-opacity":"","overlay-gradient":""}},"_themeisle_gutenberg_block_has_review":false,"footnotes":""},"class_list":["post-1452","page","type-page","status-publish","hentry"],"acf":[],"_links":{"self":[{"href":"https:\/\/www.pahvilaatikko.fi\/index.php?rest_route=\/wp\/v2\/pages\/1452","targetHints":{"allow":["GET"]}}],"collection":[{"href":"https:\/\/www.pahvilaatikko.fi\/index.php?rest_route=\/wp\/v2\/pages"}],"about":[{"href":"https:\/\/www.pahvilaatikko.fi\/index.php?rest_route=\/wp\/v2\/types\/page"}],"author":[{"embeddable":true,"href":"https:\/\/www.pahvilaatikko.fi\/index.php?rest_route=\/wp\/v2\/users\/1"}],"replies":[{"embeddable":true,"href":"https:\/\/www.pahvilaatikko.fi\/index.php?rest_route=%2Fwp%2Fv2%2Fcomments&post=1452"}],"version-history":[{"count":73,"href":"https:\/\/www.pahvilaatikko.fi\/index.php?rest_route=\/wp\/v2\/pages\/1452\/revisions"}],"predecessor-version":[{"id":3598,"href":"https:\/\/www.pahvilaatikko.fi\/index.php?rest_route=\/wp\/v2\/pages\/1452\/revisions\/3598"}],"wp:attachment":[{"href":"https:\/\/www.pahvilaatikko.fi\/index.php?rest_route=%2Fwp%2Fv2%2Fmedia&parent=1452"}],"curies":[{"name":"wp","href":"https:\/\/api.w.org\/{rel}","templated":true}]}}