{"id":1515,"date":"2026-03-26T13:14:41","date_gmt":"2026-03-26T13:14:41","guid":{"rendered":"https:\/\/www.pahvilaatikko.fi\/?page_id=1515"},"modified":"2026-04-23T11:06:36","modified_gmt":"2026-04-23T11:06:36","slug":"pakkaussuunnittelu-2","status":"publish","type":"page","link":"https:\/\/www.pahvilaatikko.fi\/?page_id=1515","title":{"rendered":"Pakkaussuunnittelu"},"content":{"rendered":"\t\t<div data-elementor-type=\"wp-page\" data-elementor-id=\"1515\" class=\"elementor elementor-1515\" data-elementor-post-type=\"page\">\n\t\t\t\t<div class=\"elementor-element elementor-element-7e19b61 e-flex e-con-boxed wpr-particle-no wpr-jarallax-no wpr-parallax-no wpr-sticky-section-no wpr-equal-height-no e-con e-parent\" data-id=\"7e19b61\" data-element_type=\"container\" data-e-type=\"container\" data-settings=\"{&quot;background_background&quot;:&quot;gradient&quot;}\">\n\t\t\t\t\t<div class=\"e-con-inner\">\n\t\t<div class=\"elementor-element elementor-element-0ecc9bc e-con-full e-flex wpr-particle-no wpr-jarallax-no wpr-parallax-no wpr-sticky-section-no wpr-equal-height-no e-con e-child\" data-id=\"0ecc9bc\" data-element_type=\"container\" data-e-type=\"container\">\n\t\t\t\t<div class=\"elementor-element elementor-element-5bd632a elementor-widget elementor-widget-heading\" data-id=\"5bd632a\" data-element_type=\"widget\" data-e-type=\"widget\" data-widget_type=\"heading.default\">\n\t\t\t\t\t<h2 class=\"elementor-heading-title elementor-size-default\">Hyv\u00e4 pakkaus suunnitellaan alusta alkaen<\/h2>\t\t\t\t<\/div>\n\t\t\t\t<div class=\"elementor-element elementor-element-2f9593b elementor-widget elementor-widget-heading\" data-id=\"2f9593b\" data-element_type=\"widget\" data-e-type=\"widget\" data-widget_type=\"heading.default\">\n\t\t\t\t\t<h1 class=\"elementor-heading-title elementor-size-default\">PAKKAUS-SUUNNITTELU<\/h1>\t\t\t\t<\/div>\n\t\t\t\t<div class=\"elementor-element elementor-element-cb30ade elementor-widget elementor-widget-text-editor\" data-id=\"cb30ade\" data-element_type=\"widget\" data-e-type=\"widget\" data-widget_type=\"text-editor.default\">\n\t\t\t\t\t\t\t\t\t<p>Pakkaussuunnittelu voi tarkoittaa uuden pakkausratkaisun kehitt\u00e4mist\u00e4 tai olemassa olevan pakkauksen parantamista.<\/p>\t\t\t\t\t\t\t\t<\/div>\n\t\t\t\t<div class=\"elementor-element elementor-element-33ef20a elementor-widget elementor-widget-button\" data-id=\"33ef20a\" data-element_type=\"widget\" data-e-type=\"widget\" id=\"pakkaussuunnittelu\" data-widget_type=\"button.default\">\n\t\t\t\t\t\t\t\t\t\t<a class=\"elementor-button elementor-button-link elementor-size-sm\" href=\"#pakkaussuunnittelu\">\n\t\t\t\t\t\t<span class=\"elementor-button-content-wrapper\">\n\t\t\t\t\t\t\t\t\t<span class=\"elementor-button-text\">LUE LIS\u00c4\u00c4<\/span>\n\t\t\t\t\t<\/span>\n\t\t\t\t\t<\/a>\n\t\t\t\t\t\t\t\t<\/div>\n\t\t\t\t<\/div>\n\t\t<div class=\"elementor-element elementor-element-7573c7d e-con-full e-flex wpr-particle-no wpr-jarallax-no wpr-parallax-no wpr-sticky-section-no wpr-equal-height-no e-con e-child\" data-id=\"7573c7d\" data-element_type=\"container\" data-e-type=\"container\">\n\t\t\t\t<div class=\"elementor-element elementor-element-2828fc1 elementor-widget elementor-widget-image\" data-id=\"2828fc1\" data-element_type=\"widget\" data-e-type=\"widget\" data-widget_type=\"image.default\">\n\t\t\t\t\t\t\t\t\t\t\t\t\t\t\t<img fetchpriority=\"high\" decoding=\"async\" width=\"2000\" height=\"1334\" src=\"https:\/\/www.pahvilaatikko.fi\/wp-content\/uploads\/2026\/03\/67198.jpg\" class=\"attachment-full size-full wp-image-1800\" alt=\"Pakkaussuunnittelu\" srcset=\"https:\/\/www.pahvilaatikko.fi\/wp-content\/uploads\/2026\/03\/67198.jpg 2000w, https:\/\/www.pahvilaatikko.fi\/wp-content\/uploads\/2026\/03\/67198-300x200.jpg 300w, https:\/\/www.pahvilaatikko.fi\/wp-content\/uploads\/2026\/03\/67198-1024x683.jpg 1024w, https:\/\/www.pahvilaatikko.fi\/wp-content\/uploads\/2026\/03\/67198-768x512.jpg 768w, https:\/\/www.pahvilaatikko.fi\/wp-content\/uploads\/2026\/03\/67198-1536x1025.jpg 1536w\" sizes=\"(max-width: 2000px) 100vw, 2000px\" \/>\t\t\t\t\t\t\t\t\t\t\t\t\t\t\t<\/div>\n\t\t\t\t<\/div>\n\t\t\t\t\t<\/div>\n\t\t\t\t<\/div>\n\t\t<div class=\"elementor-element elementor-element-3bd8fb4 e-flex e-con-boxed wpr-particle-no wpr-jarallax-no wpr-parallax-no wpr-sticky-section-no wpr-equal-height-no e-con e-parent\" data-id=\"3bd8fb4\" data-element_type=\"container\" data-e-type=\"container\" id=\"pakkaussuunnittelu\">\n\t\t\t\t\t<div class=\"e-con-inner\">\n\t\t\t\t<div class=\"elementor-element elementor-element-2f5941f elementor-widget elementor-widget-text-editor\" data-id=\"2f5941f\" data-element_type=\"widget\" data-e-type=\"widget\" data-widget_type=\"text-editor.default\">\n\t\t\t\t\t\t\t\t\t<p>Pakkaussuunnittelu varmistaa, ett\u00e4 pakkaus toimii k\u00e4yt\u00e4nn\u00f6ss\u00e4 tuotteelle, tuotannolle ja kuljetukselle. Kyse ei ole vain pakkauksen muodosta, vaan kokonaisuudesta, joka vaikuttaa siihen, miten tuote suojataan, miten se pakataan ja miten se liikkuu toimitusketjussa.\u00a0<\/p><p>Pakkaussuunnittelu on kokonaisuuden m\u00e4\u00e4rittely\u00e4 ennen toteutusta. Suunnittelussa huomioidaan tuotteen mitat ja ominaisuudet, suojaustarve, materiaalivalinnat sek\u00e4 pakkauksen rakenne. Samalla tarkastellaan, miten pakkaus toimii pakkausprosessissa, varastoinnissa ja kuljetuksessa.<\/p><p>Hyvin suunniteltu pakkaus ei ainoastaan suojaa tuotetta, vaan my\u00f6s helpottaa pakkaamista ja v\u00e4hent\u00e4\u00e4 turhaa materiaalink\u00e4ytt\u00f6\u00e4. Se tekee ty\u00f6vaiheista sujuvampia, tehostaa kuljetusta ja auttaa hallitsemaan kustannuksia koko ketjussa.<\/p>\t\t\t\t\t\t\t\t<\/div>\n\t\t\t\t\t<\/div>\n\t\t\t\t<\/div>\n\t\t<div class=\"elementor-element elementor-element-a17ede1 e-flex e-con-boxed wpr-particle-no wpr-jarallax-no wpr-parallax-no wpr-sticky-section-no wpr-equal-height-no e-con e-parent\" data-id=\"a17ede1\" data-element_type=\"container\" data-e-type=\"container\">\n\t\t\t\t\t<div class=\"e-con-inner\">\n\t\t<div class=\"elementor-element elementor-element-c7dd1bd e-con-full e-flex wpr-particle-no wpr-jarallax-no wpr-parallax-no wpr-sticky-section-no wpr-equal-height-no e-con e-child\" data-id=\"c7dd1bd\" data-element_type=\"container\" data-e-type=\"container\" data-settings=\"{&quot;background_background&quot;:&quot;classic&quot;}\">\n\t\t\t\t<div class=\"elementor-element elementor-element-86c6bd1 elementor-view-default elementor-widget elementor-widget-icon\" data-id=\"86c6bd1\" data-element_type=\"widget\" data-e-type=\"widget\" data-widget_type=\"icon.default\">\n\t\t\t\t\t\t\t<div class=\"elementor-icon-wrapper\">\n\t\t\t<div class=\"elementor-icon\">\n\t\t\t<svg aria-hidden=\"true\" class=\"e-font-icon-svg e-fas-desktop\" viewBox=\"0 0 576 512\" xmlns=\"http:\/\/www.w3.org\/2000\/svg\"><path d=\"M528 0H48C21.5 0 0 21.5 0 48v320c0 26.5 21.5 48 48 48h192l-16 48h-72c-13.3 0-24 10.7-24 24s10.7 24 24 24h272c13.3 0 24-10.7 24-24s-10.7-24-24-24h-72l-16-48h192c26.5 0 48-21.5 48-48V48c0-26.5-21.5-48-48-48zm-16 352H64V64h448v288z\"><\/path><\/svg>\t\t\t<\/div>\n\t\t<\/div>\n\t\t\t\t\t\t<\/div>\n\t\t\t\t<div class=\"elementor-element elementor-element-33da9da elementor-widget elementor-widget-heading\" data-id=\"33da9da\" data-element_type=\"widget\" data-e-type=\"widget\" data-widget_type=\"heading.default\">\n\t\t\t\t\t<h3 class=\"elementor-heading-title elementor-size-default\">PAKKAUSSUUNNITTELU VOI SIS\u00c4LT\u00c4\u00c4:<\/h3>\t\t\t\t<\/div>\n\t\t\t\t<div class=\"elementor-element elementor-element-a2278ba elementor-widget elementor-widget-text-editor\" data-id=\"a2278ba\" data-element_type=\"widget\" data-e-type=\"widget\" data-widget_type=\"text-editor.default\">\n\t\t\t\t\t\t\t\t\t<ul><li>uusien pakkausratkaisujen suunnittelun<\/li><li>olemassa olevien pakkausten kehitt\u00e4misen<\/li><li>mitoituksen ja rakenteen m\u00e4\u00e4rittelyn<\/li><li>sopivien materiaalien valinnan<\/li><li>prototyyppien valmistuksen ja testauksen<\/li><\/ul>\t\t\t\t\t\t\t\t<\/div>\n\t\t\t\t<\/div>\n\t\t<div class=\"elementor-element elementor-element-3e8dbc6 e-con-full e-flex wpr-particle-no wpr-jarallax-no wpr-parallax-no wpr-sticky-section-no wpr-equal-height-no e-con e-child\" data-id=\"3e8dbc6\" data-element_type=\"container\" data-e-type=\"container\" data-settings=\"{&quot;background_background&quot;:&quot;classic&quot;}\">\n\t\t\t\t<div class=\"elementor-element elementor-element-0a67ee2 elementor-view-default elementor-widget elementor-widget-icon\" data-id=\"0a67ee2\" data-element_type=\"widget\" data-e-type=\"widget\" data-widget_type=\"icon.default\">\n\t\t\t\t\t\t\t<div class=\"elementor-icon-wrapper\">\n\t\t\t<div class=\"elementor-icon\">\n\t\t\t<svg aria-hidden=\"true\" class=\"e-font-icon-svg e-fas-expand-arrows-alt\" viewBox=\"0 0 448 512\" xmlns=\"http:\/\/www.w3.org\/2000\/svg\"><path d=\"M448 344v112a23.94 23.94 0 0 1-24 24H312c-21.39 0-32.09-25.9-17-41l36.2-36.2L224 295.6 116.77 402.9 153 439c15.09 15.1 4.39 41-17 41H24a23.94 23.94 0 0 1-24-24V344c0-21.4 25.89-32.1 41-17l36.19 36.2L184.46 256 77.18 148.7 41 185c-15.1 15.1-41 4.4-41-17V56a23.94 23.94 0 0 1 24-24h112c21.39 0 32.09 25.9 17 41l-36.2 36.2L224 216.4l107.23-107.3L295 73c-15.09-15.1-4.39-41 17-41h112a23.94 23.94 0 0 1 24 24v112c0 21.4-25.89 32.1-41 17l-36.19-36.2L263.54 256l107.28 107.3L407 327.1c15.1-15.2 41-4.5 41 16.9z\"><\/path><\/svg>\t\t\t<\/div>\n\t\t<\/div>\n\t\t\t\t\t\t<\/div>\n\t\t\t\t<div class=\"elementor-element elementor-element-3e966b4 elementor-widget elementor-widget-heading\" data-id=\"3e966b4\" data-element_type=\"widget\" data-e-type=\"widget\" data-widget_type=\"heading.default\">\n\t\t\t\t\t<h2 class=\"elementor-heading-title elementor-size-default\">PAKKAUSSUUNNITTELU SOPII ERITYISESTI TILANTEISIIN, JOISSA:\n<\/h2>\t\t\t\t<\/div>\n\t\t\t\t<div class=\"elementor-element elementor-element-60c865c elementor-widget elementor-widget-text-editor\" data-id=\"60c865c\" data-element_type=\"widget\" data-e-type=\"widget\" data-widget_type=\"text-editor.default\">\n\t\t\t\t\t\t\t\t\t<ul><li>uusi tuote tarvitsee toimivan pakkauksen<\/li><li>nykyinen pakkaus ei toimi optimaalisesti<\/li><li>pakkaamista halutaan tehostaa ja selkeytt\u00e4\u00e4<\/li><\/ul>\t\t\t\t\t\t\t\t<\/div>\n\t\t\t\t<\/div>\n\t\t\t\t\t<\/div>\n\t\t\t\t<\/div>\n\t\t<div class=\"elementor-element elementor-element-69d71ab e-flex e-con-boxed wpr-particle-no wpr-jarallax-no wpr-parallax-no wpr-sticky-section-no wpr-equal-height-no e-con e-parent\" data-id=\"69d71ab\" data-element_type=\"container\" data-e-type=\"container\">\n\t\t\t\t\t<div class=\"e-con-inner\">\n\t\t<div class=\"elementor-element elementor-element-2177846 e-con-full e-flex wpr-particle-no wpr-jarallax-no wpr-parallax-no wpr-sticky-section-no wpr-equal-height-no e-con e-child\" data-id=\"2177846\" data-element_type=\"container\" data-e-type=\"container\" data-settings=\"{&quot;background_background&quot;:&quot;classic&quot;}\">\n\t\t\t\t<div class=\"elementor-element elementor-element-53170b5 premium-header-inline premium-lq__none premium-box-lq__none elementor-widget elementor-widget-premium-addon-dual-header\" data-id=\"53170b5\" data-element_type=\"widget\" data-e-type=\"widget\" data-widget_type=\"premium-addon-dual-header.default\">\n\t\t\t\t\t\n\t\t<div class=\"elementor-widget-container\">\n\t\t\t\t\t<h2 class=\"premium-dual-header-first-header \"><span class=\"premium-dual-header-first-span\">TOIMIVA PAKKAUS ALKAA <\/span><span class=\"premium-dual-header-second-header \">SUUNNITTELUSTA<\/span><\/h2> \t\t\t\t<\/div>\n\n\t\t\t\t\t\t<\/div>\n\t\t\t\t<div class=\"elementor-element elementor-element-eb986e9 elementor-widget elementor-widget-text-editor\" data-id=\"eb986e9\" data-element_type=\"widget\" data-e-type=\"widget\" data-widget_type=\"text-editor.default\">\n\t\t\t\t\t\t\t\t\t<p data-start=\"549\" data-end=\"749\">Hyv\u00e4 pakkaussuunnittelu luo pohjan tehokkaalle kokonaisuudelle. Tarvittaessa jatkamme kehityst\u00e4 testauksen ja optimoinnin kautta, jotta lopputulos toimii k\u00e4yt\u00e4nn\u00f6ss\u00e4 \u2013 ei vain paperilla.<\/p>\t\t\t\t\t\t\t\t<\/div>\n\t\t\t\t<\/div>\n\t\t<div class=\"elementor-element elementor-element-c5f553c e-con-full e-flex wpr-particle-no wpr-jarallax-no wpr-parallax-no wpr-sticky-section-no wpr-equal-height-no e-con e-child\" data-id=\"c5f553c\" data-element_type=\"container\" data-e-type=\"container\" data-settings=\"{&quot;motion_fx_motion_fx_scrolling&quot;:&quot;yes&quot;,&quot;motion_fx_devices&quot;:[&quot;desktop&quot;,&quot;tablet&quot;,&quot;mobile&quot;]}\">\n\t\t\t\t<div class=\"elementor-element elementor-element-e83ac36 elementor-widget elementor-widget-image\" data-id=\"e83ac36\" data-element_type=\"widget\" data-e-type=\"widget\" data-widget_type=\"image.default\">\n\t\t\t\t\t\t\t\t\t\t\t\t\t\t\t<img decoding=\"async\" width=\"1024\" height=\"683\" src=\"https:\/\/www.pahvilaatikko.fi\/wp-content\/uploads\/2026\/04\/pakkaussuunnittelu-2-1024x683.jpg\" class=\"attachment-large size-large wp-image-3737\" alt=\"Pakkaussuunnittelu\" srcset=\"https:\/\/www.pahvilaatikko.fi\/wp-content\/uploads\/2026\/04\/pakkaussuunnittelu-2-1024x683.jpg 1024w, https:\/\/www.pahvilaatikko.fi\/wp-content\/uploads\/2026\/04\/pakkaussuunnittelu-2-300x200.jpg 300w, https:\/\/www.pahvilaatikko.fi\/wp-content\/uploads\/2026\/04\/pakkaussuunnittelu-2-768x512.jpg 768w, https:\/\/www.pahvilaatikko.fi\/wp-content\/uploads\/2026\/04\/pakkaussuunnittelu-2.jpg 1200w\" sizes=\"(max-width: 1024px) 100vw, 1024px\" \/>\t\t\t\t\t\t\t\t\t\t\t\t\t\t\t<\/div>\n\t\t\t\t<\/div>\n\t\t\t\t\t<\/div>\n\t\t\t\t<\/div>\n\t\t<div class=\"elementor-element elementor-element-f7e7c01 e-flex e-con-boxed wpr-particle-no wpr-jarallax-no wpr-parallax-no wpr-sticky-section-no wpr-equal-height-no e-con e-parent\" data-id=\"f7e7c01\" data-element_type=\"container\" data-e-type=\"container\" data-settings=\"{&quot;background_background&quot;:&quot;classic&quot;}\">\n\t\t\t\t\t<div class=\"e-con-inner\">\n\t\t<div class=\"elementor-element elementor-element-44bc113 e-con-full e-flex wpr-particle-no wpr-jarallax-no wpr-parallax-no wpr-sticky-section-no wpr-equal-height-no e-con e-child\" data-id=\"44bc113\" data-element_type=\"container\" data-e-type=\"container\" data-settings=\"{&quot;background_background&quot;:&quot;classic&quot;}\">\n\t\t<div class=\"elementor-element elementor-element-26d64f7 e-con-full e-flex wpr-particle-no wpr-jarallax-no wpr-parallax-no wpr-sticky-section-no wpr-equal-height-no e-con e-child\" data-id=\"26d64f7\" data-element_type=\"container\" data-e-type=\"container\">\n\t\t\t\t<div class=\"elementor-element elementor-element-9c30643 elementor-widget elementor-widget-image\" data-id=\"9c30643\" data-element_type=\"widget\" data-e-type=\"widget\" data-widget_type=\"image.default\">\n\t\t\t\t\t\t\t\t\t\t\t\t\t\t\t<img decoding=\"async\" width=\"1024\" height=\"476\" src=\"https:\/\/www.pahvilaatikko.fi\/wp-content\/uploads\/2026\/04\/pakkausratkaisu-1024x476.png\" class=\"attachment-large size-large wp-image-3468\" alt=\"Yksil\u00f6lliset pakkausratkaistu\" srcset=\"https:\/\/www.pahvilaatikko.fi\/wp-content\/uploads\/2026\/04\/pakkausratkaisu-1024x476.png 1024w, https:\/\/www.pahvilaatikko.fi\/wp-content\/uploads\/2026\/04\/pakkausratkaisu-300x139.png 300w, https:\/\/www.pahvilaatikko.fi\/wp-content\/uploads\/2026\/04\/pakkausratkaisu-768x357.png 768w, https:\/\/www.pahvilaatikko.fi\/wp-content\/uploads\/2026\/04\/pakkausratkaisu.png 1026w\" sizes=\"(max-width: 1024px) 100vw, 1024px\" \/>\t\t\t\t\t\t\t\t\t\t\t\t\t\t\t<\/div>\n\t\t\t\t<\/div>\n\t\t<div class=\"elementor-element elementor-element-813c2d9 e-con-full e-flex wpr-particle-no wpr-jarallax-no wpr-parallax-no wpr-sticky-section-no wpr-equal-height-no e-con e-child\" data-id=\"813c2d9\" data-element_type=\"container\" data-e-type=\"container\">\n\t\t\t\t<div class=\"elementor-element elementor-element-01627bc elementor-widget elementor-widget-image-box\" data-id=\"01627bc\" data-element_type=\"widget\" data-e-type=\"widget\" data-widget_type=\"image-box.default\">\n\t\t\t\t\t<div class=\"elementor-image-box-wrapper\"><div class=\"elementor-image-box-content\"><h2 class=\"elementor-image-box-title\"><a href=\"https:\/\/www.pahvilaatikko.fi\/?page_id=1448\">Tarvitsetko toimivan pakkauksen tuotteellesi?<\/a><\/h2><p class=\"elementor-image-box-description\">Suunnitellaan ratkaisu, joka toimii k\u00e4yt\u00e4nn\u00f6ss\u00e4. <\/p><\/div><\/div>\t\t\t\t<\/div>\n\t\t\t\t<div class=\"elementor-element elementor-element-7b3ae16 elementor-align-left elementor-widget elementor-widget-button\" data-id=\"7b3ae16\" data-element_type=\"widget\" data-e-type=\"widget\" data-widget_type=\"button.default\">\n\t\t\t\t\t\t\t\t\t\t<a class=\"elementor-button elementor-button-link elementor-size-sm elementor-animation-pop\" href=\"#postituskotelot\">\n\t\t\t\t\t\t<span class=\"elementor-button-content-wrapper\">\n\t\t\t\t\t\t\t\t\t<span class=\"elementor-button-text\">OTA YHTEYTT\u00c4<\/span>\n\t\t\t\t\t<\/span>\n\t\t\t\t\t<\/a>\n\t\t\t\t\t\t\t\t<\/div>\n\t\t\t\t<\/div>\n\t\t\t\t<\/div>\n\t\t\t\t\t<\/div>\n\t\t\t\t<\/div>\n\t\t\t\t<\/div>\n\t\t","protected":false},"excerpt":{"rendered":"<p>Hyv\u00e4 pakkaus suunnitellaan alusta alkaen PAKKAUS-SUUNNITTELU Pakkaussuunnittelu voi tarkoittaa uuden pakkausratkaisun kehitt\u00e4mist\u00e4 tai olemassa olevan pakkauksen parantamista. LUE LIS\u00c4\u00c4 Pakkaussuunnittelu varmistaa, ett\u00e4 pakkaus toimii k\u00e4yt\u00e4nn\u00f6ss\u00e4 tuotteelle, tuotannolle ja kuljetukselle. Kyse ei ole vain pakkauksen muodosta, vaan kokonaisuudesta, joka vaikuttaa siihen, miten tuote suojataan, miten se pakataan ja miten se liikkuu toimitusketjussa.\u00a0 Pakkaussuunnittelu on kokonaisuuden m\u00e4\u00e4rittely\u00e4 ennen toteutusta. Suunnittelussa huomioidaan tuotteen mitat ja ominaisuudet, suojaustarve, materiaalivalinnat sek\u00e4 pakkauksen rakenne. Samalla tarkastellaan, miten pakkaus toimii pakkausprosessissa, varastoinnissa ja kuljetuksessa. Hyvin suunniteltu pakkaus ei ainoastaan suojaa tuotetta, vaan my\u00f6s helpottaa pakkaamista ja v\u00e4hent\u00e4\u00e4 turhaa materiaalink\u00e4ytt\u00f6\u00e4. Se tekee ty\u00f6vaiheista sujuvampia, tehostaa kuljetusta ja auttaa hallitsemaan kustannuksia koko ketjussa. PAKKAUSSUUNNITTELU VOI SIS\u00c4LT\u00c4\u00c4: uusien pakkausratkaisujen suunnittelun olemassa olevien pakkausten kehitt\u00e4misen mitoituksen ja rakenteen m\u00e4\u00e4rittelyn sopivien materiaalien valinnan prototyyppien valmistuksen ja testauksen PAKKAUSSUUNNITTELU SOPII ERITYISESTI TILANTEISIIN, JOISSA: uusi tuote tarvitsee toimivan pakkauksen nykyinen pakkaus ei toimi optimaalisesti pakkaamista halutaan tehostaa ja selkeytt\u00e4\u00e4 TOIMIVA PAKKAUS ALKAA SUUNNITTELUSTA Hyv\u00e4 pakkaussuunnittelu luo pohjan tehokkaalle kokonaisuudelle. Tarvittaessa jatkamme kehityst\u00e4 testauksen ja optimoinnin kautta, jotta lopputulos toimii k\u00e4yt\u00e4nn\u00f6ss\u00e4 \u2013 ei vain paperilla. Tarvitsetko toimivan pakkauksen tuotteellesi? Suunnitellaan ratkaisu, joka toimii k\u00e4yt\u00e4nn\u00f6ss\u00e4. OTA YHTEYTT\u00c4<\/p>\n","protected":false},"author":1,"featured_media":0,"parent":1448,"menu_order":0,"comment_status":"closed","ping_status":"closed","template":"elementor_header_footer","meta":{"_acf_changed":false,"site-sidebar-layout":"default","site-content-layout":"","ast-site-content-layout":"default","site-content-style":"default","site-sidebar-style":"default","ast-global-header-display":"","ast-banner-title-visibility":"","ast-main-header-display":"","ast-hfb-above-header-display":"","ast-hfb-below-header-display":"","ast-hfb-mobile-header-display":"","site-post-title":"","ast-breadcrumbs-content":"","ast-featured-img":"","footer-sml-layout":"","ast-disable-related-posts":"","theme-transparent-header-meta":"","adv-header-id-meta":"","stick-header-meta":"","header-above-stick-meta":"","header-main-stick-meta":"","header-below-stick-meta":"","astra-migrate-meta-layouts":"default","ast-page-background-enabled":"default","ast-page-background-meta":{"desktop":{"background-color":"var(--ast-global-color-5)","background-image":"","background-repeat":"repeat","background-position":"center center","background-size":"auto","background-attachment":"scroll","background-type":"","background-media":"","overlay-type":"","overlay-color":"","overlay-opacity":"","overlay-gradient":""},"tablet":{"background-color":"","background-image":"","background-repeat":"repeat","background-position":"center center","background-size":"auto","background-attachment":"scroll","background-type":"","background-media":"","overlay-type":"","overlay-color":"","overlay-opacity":"","overlay-gradient":""},"mobile":{"background-color":"","background-image":"","background-repeat":"repeat","background-position":"center center","background-size":"auto","background-attachment":"scroll","background-type":"","background-media":"","overlay-type":"","overlay-color":"","overlay-opacity":"","overlay-gradient":""}},"ast-content-background-meta":{"desktop":{"background-color":"var(--ast-global-color-4)","background-image":"","background-repeat":"repeat","background-position":"center center","background-size":"auto","background-attachment":"scroll","background-type":"","background-media":"","overlay-type":"","overlay-color":"","overlay-opacity":"","overlay-gradient":""},"tablet":{"background-color":"var(--ast-global-color-4)","background-image":"","background-repeat":"repeat","background-position":"center center","background-size":"auto","background-attachment":"scroll","background-type":"","background-media":"","overlay-type":"","overlay-color":"","overlay-opacity":"","overlay-gradient":""},"mobile":{"background-color":"var(--ast-global-color-4)","background-image":"","background-repeat":"repeat","background-position":"center center","background-size":"auto","background-attachment":"scroll","background-type":"","background-media":"","overlay-type":"","overlay-color":"","overlay-opacity":"","overlay-gradient":""}},"_themeisle_gutenberg_block_has_review":false,"footnotes":""},"class_list":["post-1515","page","type-page","status-publish","hentry"],"acf":[],"_links":{"self":[{"href":"https:\/\/www.pahvilaatikko.fi\/index.php?rest_route=\/wp\/v2\/pages\/1515","targetHints":{"allow":["GET"]}}],"collection":[{"href":"https:\/\/www.pahvilaatikko.fi\/index.php?rest_route=\/wp\/v2\/pages"}],"about":[{"href":"https:\/\/www.pahvilaatikko.fi\/index.php?rest_route=\/wp\/v2\/types\/page"}],"author":[{"embeddable":true,"href":"https:\/\/www.pahvilaatikko.fi\/index.php?rest_route=\/wp\/v2\/users\/1"}],"replies":[{"embeddable":true,"href":"https:\/\/www.pahvilaatikko.fi\/index.php?rest_route=%2Fwp%2Fv2%2Fcomments&post=1515"}],"version-history":[{"count":74,"href":"https:\/\/www.pahvilaatikko.fi\/index.php?rest_route=\/wp\/v2\/pages\/1515\/revisions"}],"predecessor-version":[{"id":3740,"href":"https:\/\/www.pahvilaatikko.fi\/index.php?rest_route=\/wp\/v2\/pages\/1515\/revisions\/3740"}],"up":[{"embeddable":true,"href":"https:\/\/www.pahvilaatikko.fi\/index.php?rest_route=\/wp\/v2\/pages\/1448"}],"wp:attachment":[{"href":"https:\/\/www.pahvilaatikko.fi\/index.php?rest_route=%2Fwp%2Fv2%2Fmedia&parent=1515"}],"curies":[{"name":"wp","href":"https:\/\/api.w.org\/{rel}","templated":true}]}}