{"id":3040,"date":"2026-04-13T07:06:02","date_gmt":"2026-04-13T07:06:02","guid":{"rendered":"https:\/\/www.pahvilaatikko.fi\/?page_id=3040"},"modified":"2026-04-17T07:48:22","modified_gmt":"2026-04-17T07:48:22","slug":"pahvilaatikko-avataan-pian","status":"publish","type":"page","link":"https:\/\/www.pahvilaatikko.fi\/","title":{"rendered":"Pahvilaatikko avataan pian"},"content":{"rendered":"\t\t<div data-elementor-type=\"wp-page\" data-elementor-id=\"3040\" class=\"elementor elementor-3040\" data-elementor-post-type=\"page\">\n\t\t\t\t<div class=\"elementor-element elementor-element-429f2c1 e-flex e-con-boxed wpr-particle-no wpr-jarallax-no wpr-parallax-no wpr-sticky-section-no wpr-equal-height-no e-con e-parent\" data-id=\"429f2c1\" data-element_type=\"container\" data-e-type=\"container\">\n\t\t\t\t\t<div class=\"e-con-inner\">\n\t\t\t\t<div class=\"elementor-element elementor-element-4f2b5d2 elementor-widget elementor-widget-heading\" data-id=\"4f2b5d2\" data-element_type=\"widget\" data-e-type=\"widget\" data-widget_type=\"heading.default\">\n\t\t\t\t\t<h2 class=\"elementor-heading-title elementor-size-default\">T\u00c4YDEN PALVELUN PAKKAUSTALO<\/h2>\t\t\t\t<\/div>\n\t\t\t\t<div class=\"elementor-element elementor-element-6e1e75e elementor-widget elementor-widget-text-editor\" data-id=\"6e1e75e\" data-element_type=\"widget\" data-e-type=\"widget\" data-widget_type=\"text-editor.default\">\n\t\t\t\t\t\t\t\t\t<p><strong>Toimitamme kaikki pakkaamisessa tarvittavat pakkaukset ja tarvikkeet 40 vuoden kokemuksella!\u00a0<\/strong><\/p><p><strong>Uudistunut sivustomme aukeaa pian!\u00a0<\/strong><\/p>\t\t\t\t\t\t\t\t<\/div>\n\t\t\t\t<div class=\"elementor-element elementor-element-ed16779 elementor-align-center elementor-widget elementor-widget-button\" data-id=\"ed16779\" data-element_type=\"widget\" data-e-type=\"widget\" data-widget_type=\"button.default\">\n\t\t\t\t\t\t\t\t\t\t<a class=\"elementor-button elementor-button-link elementor-size-sm\" href=\"https:\/\/www.pahvilaatikko.fi\/wp-content\/uploads\/2023\/12\/Varastotuotteet-.pdf\">\n\t\t\t\t\t\t<span class=\"elementor-button-content-wrapper\">\n\t\t\t\t\t\t\t\t\t<span class=\"elementor-button-text\">Lataa varastotuotelista t\u00e4st\u00e4<\/span>\n\t\t\t\t\t<\/span>\n\t\t\t\t\t<\/a>\n\t\t\t\t\t\t\t\t<\/div>\n\t\t\t\t<div class=\"elementor-element elementor-element-f200504 elementor-widget elementor-widget-text-editor\" data-id=\"f200504\" data-element_type=\"widget\" data-e-type=\"widget\" data-widget_type=\"text-editor.default\">\n\t\t\t\t\t\t\t\t\t<p><strong>Ota yhteytt\u00e4!<\/strong><\/p><div class=\"el-content uk-panel\"><p><span style=\"text-decoration: underline;\"><a href=\"mailto:info@pahvilaatikko.fi\">info@pahvilaatikko.fi<\/a><\/span><\/p><p>+358 44 353 2848<\/p><p>+358 400 624 712<\/p><p>+358 400 923 903<\/p><\/div>\t\t\t\t\t\t\t\t<\/div>\n\t\t\t\t\t<\/div>\n\t\t\t\t<\/div>\n\t\t<div class=\"elementor-element elementor-element-3d60d21 e-flex e-con-boxed wpr-particle-no wpr-jarallax-no wpr-parallax-no wpr-sticky-section-no wpr-equal-height-no e-con e-parent\" data-id=\"3d60d21\" data-element_type=\"container\" data-e-type=\"container\">\n\t\t\t\t\t<div class=\"e-con-inner\">\n\t\t<div class=\"elementor-element elementor-element-7344b90 e-con-full e-flex wpr-particle-no wpr-jarallax-no wpr-parallax-no wpr-sticky-section-no wpr-equal-height-no e-con e-child\" data-id=\"7344b90\" data-element_type=\"container\" data-e-type=\"container\">\n\t\t\t\t<div class=\"elementor-element elementor-element-0137ad4 elementor-widget elementor-widget-image\" data-id=\"0137ad4\" data-element_type=\"widget\" data-e-type=\"widget\" data-widget_type=\"image.default\">\n\t\t\t\t\t\t\t\t\t\t\t\t\t\t\t<img fetchpriority=\"high\" decoding=\"async\" width=\"1024\" height=\"768\" src=\"https:\/\/www.pahvilaatikko.fi\/wp-content\/uploads\/2023\/11\/pic7-1024x768.jpeg\" class=\"attachment-large size-large wp-image-1212\" alt=\"\" srcset=\"https:\/\/www.pahvilaatikko.fi\/wp-content\/uploads\/2023\/11\/pic7-1024x768.jpeg 1024w, https:\/\/www.pahvilaatikko.fi\/wp-content\/uploads\/2023\/11\/pic7-300x225.jpeg 300w, https:\/\/www.pahvilaatikko.fi\/wp-content\/uploads\/2023\/11\/pic7-768x576.jpeg 768w, https:\/\/www.pahvilaatikko.fi\/wp-content\/uploads\/2023\/11\/pic7-1536x1152.jpeg 1536w, https:\/\/www.pahvilaatikko.fi\/wp-content\/uploads\/2023\/11\/pic7.jpeg 1920w\" sizes=\"(max-width: 1024px) 100vw, 1024px\" \/>\t\t\t\t\t\t\t\t\t\t\t\t\t\t\t<\/div>\n\t\t\t\t<\/div>\n\t\t<div class=\"elementor-element elementor-element-4de1fe2 e-con-full e-flex wpr-particle-no wpr-jarallax-no wpr-parallax-no wpr-sticky-section-no wpr-equal-height-no e-con e-child\" data-id=\"4de1fe2\" data-element_type=\"container\" data-e-type=\"container\">\n\t\t\t\t<div class=\"elementor-element elementor-element-a62bef7 elementor-widget elementor-widget-image\" data-id=\"a62bef7\" data-element_type=\"widget\" data-e-type=\"widget\" data-widget_type=\"image.default\">\n\t\t\t\t\t\t\t\t\t\t\t\t\t\t\t<img decoding=\"async\" width=\"1024\" height=\"768\" src=\"https:\/\/www.pahvilaatikko.fi\/wp-content\/uploads\/2023\/11\/pic3-1024x768.jpeg\" class=\"attachment-large size-large wp-image-1199\" alt=\"\" srcset=\"https:\/\/www.pahvilaatikko.fi\/wp-content\/uploads\/2023\/11\/pic3-1024x768.jpeg 1024w, https:\/\/www.pahvilaatikko.fi\/wp-content\/uploads\/2023\/11\/pic3-300x225.jpeg 300w, https:\/\/www.pahvilaatikko.fi\/wp-content\/uploads\/2023\/11\/pic3-768x576.jpeg 768w, https:\/\/www.pahvilaatikko.fi\/wp-content\/uploads\/2023\/11\/pic3-1536x1152.jpeg 1536w, https:\/\/www.pahvilaatikko.fi\/wp-content\/uploads\/2023\/11\/pic3.jpeg 1920w\" sizes=\"(max-width: 1024px) 100vw, 1024px\" \/>\t\t\t\t\t\t\t\t\t\t\t\t\t\t\t<\/div>\n\t\t\t\t<\/div>\n\t\t\t\t\t<\/div>\n\t\t\t\t<\/div>\n\t\t<div class=\"elementor-element elementor-element-65ae878 e-flex e-con-boxed wpr-particle-no wpr-jarallax-no wpr-parallax-no wpr-sticky-section-no wpr-equal-height-no e-con e-parent\" data-id=\"65ae878\" data-element_type=\"container\" data-e-type=\"container\">\n\t\t\t\t\t<div class=\"e-con-inner\">\n\t\t\t\t<div class=\"elementor-element elementor-element-40c884a elementor-widget elementor-widget-text-editor\" data-id=\"40c884a\" data-element_type=\"widget\" data-e-type=\"widget\" data-widget_type=\"text-editor.default\">\n\t\t\t\t\t\t\t\t\t<div class=\"el-content uk-panel\"><p>Y-tunnus 3335771-9\u00a0<\/p><p>JaTiPack Oy<\/p><\/div>\t\t\t\t\t\t\t\t<\/div>\n\t\t\t\t\t<\/div>\n\t\t\t\t<\/div>\n\t\t\t\t<\/div>\n\t\t","protected":false},"excerpt":{"rendered":"<p>T\u00c4YDEN PALVELUN PAKKAUSTALO Toimitamme kaikki pakkaamisessa tarvittavat pakkaukset ja tarvikkeet 40 vuoden kokemuksella!\u00a0 Uudistunut sivustomme aukeaa pian!\u00a0 Lataa varastotuotelista t\u00e4st\u00e4 Ota yhteytt\u00e4! info@pahvilaatikko.fi +358 44 353 2848 +358 400 624 712 +358 400 923 903 Y-tunnus 3335771-9\u00a0 JaTiPack Oy<\/p>\n","protected":false},"author":1,"featured_media":0,"parent":0,"menu_order":0,"comment_status":"closed","ping_status":"closed","template":"elementor_canvas","meta":{"_acf_changed":false,"site-sidebar-layout":"default","site-content-layout":"","ast-site-content-layout":"default","site-content-style":"default","site-sidebar-style":"default","ast-global-header-display":"","ast-banner-title-visibility":"","ast-main-header-display":"","ast-hfb-above-header-display":"","ast-hfb-below-header-display":"","ast-hfb-mobile-header-display":"","site-post-title":"","ast-breadcrumbs-content":"","ast-featured-img":"","footer-sml-layout":"","ast-disable-related-posts":"","theme-transparent-header-meta":"","adv-header-id-meta":"","stick-header-meta":"","header-above-stick-meta":"","header-main-stick-meta":"","header-below-stick-meta":"","astra-migrate-meta-layouts":"default","ast-page-background-enabled":"default","ast-page-background-meta":{"desktop":{"background-color":"var(--ast-global-color-5)","background-image":"","background-repeat":"repeat","background-position":"center center","background-size":"auto","background-attachment":"scroll","background-type":"","background-media":"","overlay-type":"","overlay-color":"","overlay-opacity":"","overlay-gradient":""},"tablet":{"background-color":"","background-image":"","background-repeat":"repeat","background-position":"center center","background-size":"auto","background-attachment":"scroll","background-type":"","background-media":"","overlay-type":"","overlay-color":"","overlay-opacity":"","overlay-gradient":""},"mobile":{"background-color":"","background-image":"","background-repeat":"repeat","background-position":"center center","background-size":"auto","background-attachment":"scroll","background-type":"","background-media":"","overlay-type":"","overlay-color":"","overlay-opacity":"","overlay-gradient":""}},"ast-content-background-meta":{"desktop":{"background-color":"var(--ast-global-color-4)","background-image":"","background-repeat":"repeat","background-position":"center center","background-size":"auto","background-attachment":"scroll","background-type":"","background-media":"","overlay-type":"","overlay-color":"","overlay-opacity":"","overlay-gradient":""},"tablet":{"background-color":"var(--ast-global-color-4)","background-image":"","background-repeat":"repeat","background-position":"center center","background-size":"auto","background-attachment":"scroll","background-type":"","background-media":"","overlay-type":"","overlay-color":"","overlay-opacity":"","overlay-gradient":""},"mobile":{"background-color":"var(--ast-global-color-4)","background-image":"","background-repeat":"repeat","background-position":"center center","background-size":"auto","background-attachment":"scroll","background-type":"","background-media":"","overlay-type":"","overlay-color":"","overlay-opacity":"","overlay-gradient":""}},"_themeisle_gutenberg_block_has_review":false,"footnotes":""},"class_list":["post-3040","page","type-page","status-publish","hentry"],"acf":[],"_links":{"self":[{"href":"https:\/\/www.pahvilaatikko.fi\/index.php?rest_route=\/wp\/v2\/pages\/3040","targetHints":{"allow":["GET"]}}],"collection":[{"href":"https:\/\/www.pahvilaatikko.fi\/index.php?rest_route=\/wp\/v2\/pages"}],"about":[{"href":"https:\/\/www.pahvilaatikko.fi\/index.php?rest_route=\/wp\/v2\/types\/page"}],"author":[{"embeddable":true,"href":"https:\/\/www.pahvilaatikko.fi\/index.php?rest_route=\/wp\/v2\/users\/1"}],"replies":[{"embeddable":true,"href":"https:\/\/www.pahvilaatikko.fi\/index.php?rest_route=%2Fwp%2Fv2%2Fcomments&post=3040"}],"version-history":[{"count":16,"href":"https:\/\/www.pahvilaatikko.fi\/index.php?rest_route=\/wp\/v2\/pages\/3040\/revisions"}],"predecessor-version":[{"id":3057,"href":"https:\/\/www.pahvilaatikko.fi\/index.php?rest_route=\/wp\/v2\/pages\/3040\/revisions\/3057"}],"wp:attachment":[{"href":"https:\/\/www.pahvilaatikko.fi\/index.php?rest_route=%2Fwp%2Fv2%2Fmedia&parent=3040"}],"curies":[{"name":"wp","href":"https:\/\/api.w.org\/{rel}","templated":true}]}}